{"id":7907,"date":"2021-07-27T11:46:29","date_gmt":"2021-07-27T08:46:29","guid":{"rendered":"https:\/\/sitedestek.me\/alsofresh\/?page_id=7907"},"modified":"2021-08-24T17:33:07","modified_gmt":"2021-08-24T14:33:07","slug":"peach","status":"publish","type":"page","link":"https:\/\/www.alsofresh.com\/en\/peach\/","title":{"rendered":"Peach"},"content":{"rendered":"<p>[vc_row][vc_column]\t\t\t<link rel=\"stylesheet\" id=\"wd-photoswipe-css\" href=\"https:\/\/www.alsofresh.com\/en\/wp-content\/themes\/woodmart\/css\/parts\/lib-photoswipe.min.css?ver=6.1.4\" type=\"text\/css\" media=\"all\" \/> \t\t\t\t\t\t<link rel=\"stylesheet\" id=\"wd-image-gallery-css\" href=\"https:\/\/www.alsofresh.com\/en\/wp-content\/themes\/woodmart\/css\/parts\/el-gallery.min.css?ver=6.1.4\" type=\"text\/css\" media=\"all\" \/> \t\t\t\t\t<div id=\"gallery_672\" class=\"wd-images-gallery wd-justify-center wd-items-middle view-grid photoswipe-images\" >\n\t\t\t<div class=\"gallery-images row wd-spacing-6\">\n\t\t\t\t\t\t\t\t\t\t\t\t\t\t\t<div class=\"wd-gallery-item col-md-3 col-sm-4 col-6\">\n\t\t\t\t\t\t\t\t\t\t\t\t\t\t<a href=\"https:\/\/www.alsofresh.com\/en\/wp-content\/uploads\/2021\/07\/organik-seftali.jpg\" data-elementor-open-lightbox=\"no\" data-index=\"1\" data-width=\"1024\" data-height=\"1024\"  >\n\t\t\t\t\t\t\t\t\n\t\t\t\t\t\t\t\t\t\t\t\t\t\t\t\t\t<img decoding=\"async\" class=\"wd-gallery-image image-1 \" src=\"https:\/\/www.alsofresh.com\/en\/wp-content\/uploads\/2021\/07\/organik-seftali-300x300.jpg\" width=\"300\" height=\"300\" alt=\"\u015eeftali \u00c7e\u015fitleri\" title=\"organik-seftali\" \/>\t\t\t\t\t\t\t\t\n\n\t\t\t\t\t\t\t\t\t\t\t\t\t\t\t<\/a>\n\t\t\t\t\t\t\t\t\t\t\t\t<\/div>\n\t\t\t\t\t\t\t\t\t\t\t<div class=\"wd-gallery-item col-md-3 col-sm-4 col-6\">\n\t\t\t\t\t\t\t\t\t\t\t\t\t\t<a href=\"https:\/\/www.alsofresh.com\/en\/wp-content\/uploads\/2021\/07\/seftali-also-fresh.jpg\" data-elementor-open-lightbox=\"no\" data-index=\"2\" data-width=\"1024\" data-height=\"1024\"  >\n\t\t\t\t\t\t\t\t\n\t\t\t\t\t\t\t\t\t\t\t\t\t\t\t\t\t<img decoding=\"async\" class=\"wd-gallery-image image-2 \" src=\"https:\/\/www.alsofresh.com\/en\/wp-content\/uploads\/2021\/07\/seftali-also-fresh-300x300.jpg\" width=\"300\" height=\"300\" alt=\"\u015eeftali \u00c7e\u015fitleri\" title=\"seftali-also-fresh\" \/>\t\t\t\t\t\t\t\t\n\n\t\t\t\t\t\t\t\t\t\t\t\t\t\t\t<\/a>\n\t\t\t\t\t\t\t\t\t\t\t\t<\/div>\n\t\t\t\t\t\t\t\t\t\t\t<div class=\"wd-gallery-item col-md-3 col-sm-4 col-6\">\n\t\t\t\t\t\t\t\t\t\t\t\t\t\t<a href=\"https:\/\/www.alsofresh.com\/en\/wp-content\/uploads\/2021\/07\/seftali-cesitleri.jpg\" data-elementor-open-lightbox=\"no\" data-index=\"3\" data-width=\"1024\" data-height=\"1024\"  >\n\t\t\t\t\t\t\t\t\n\t\t\t\t\t\t\t\t\t\t\t\t\t\t\t\t\t<img decoding=\"async\" class=\"wd-gallery-image image-3 \" src=\"https:\/\/www.alsofresh.com\/en\/wp-content\/uploads\/2021\/07\/seftali-cesitleri-300x300.jpg\" width=\"300\" height=\"300\" alt=\"\u015eeftali \u00c7e\u015fitleri\" title=\"seftali-cesitleri\" \/>\t\t\t\t\t\t\t\t\n\n\t\t\t\t\t\t\t\t\t\t\t\t\t\t\t<\/a>\n\t\t\t\t\t\t\t\t\t\t\t\t<\/div>\n\t\t\t\t\t\t\t\t\t\t\t<div class=\"wd-gallery-item col-md-3 col-sm-4 col-6\">\n\t\t\t\t\t\t\t\t\t\t\t\t\t\t<a href=\"https:\/\/www.alsofresh.com\/en\/wp-content\/uploads\/2021\/07\/seftali.jpg\" data-elementor-open-lightbox=\"no\" data-index=\"4\" data-width=\"1024\" data-height=\"1024\"  >\n\t\t\t\t\t\t\t\t\n\t\t\t\t\t\t\t\t\t\t\t\t\t\t\t\t\t<img decoding=\"async\" class=\"wd-gallery-image image-4 \" src=\"https:\/\/www.alsofresh.com\/en\/wp-content\/uploads\/2021\/07\/seftali-300x300.jpg\" width=\"300\" height=\"300\" alt=\"\u015eeftali \u00c7e\u015fitleri\" title=\"seftali\" \/>\t\t\t\t\t\t\t\t\n\n\t\t\t\t\t\t\t\t\t\t\t\t\t\t\t<\/a>\n\t\t\t\t\t\t\t\t\t\t\t\t<\/div>\n\t\t\t\t\t\t\t\t\t\t\t\t<\/div>\n\t\t<\/div>\n\t\t\t\t[\/vc_column][\/vc_row]<\/p>\n","protected":false},"excerpt":{"rendered":"<p>[vc_row][vc_column][\/vc_column][\/vc_row]<\/p>\n","protected":false},"author":1,"featured_media":0,"parent":0,"menu_order":0,"comment_status":"closed","ping_status":"closed","template":"","meta":{"footnotes":""},"class_list":["post-7907","page","type-page","status-publish","hentry"],"_links":{"self":[{"href":"https:\/\/www.alsofresh.com\/en\/wp-json\/wp\/v2\/pages\/7907","targetHints":{"allow":["GET"]}}],"collection":[{"href":"https:\/\/www.alsofresh.com\/en\/wp-json\/wp\/v2\/pages"}],"about":[{"href":"https:\/\/www.alsofresh.com\/en\/wp-json\/wp\/v2\/types\/page"}],"author":[{"embeddable":true,"href":"https:\/\/www.alsofresh.com\/en\/wp-json\/wp\/v2\/users\/1"}],"replies":[{"embeddable":true,"href":"https:\/\/www.alsofresh.com\/en\/wp-json\/wp\/v2\/comments?post=7907"}],"version-history":[{"count":4,"href":"https:\/\/www.alsofresh.com\/en\/wp-json\/wp\/v2\/pages\/7907\/revisions"}],"predecessor-version":[{"id":8681,"href":"https:\/\/www.alsofresh.com\/en\/wp-json\/wp\/v2\/pages\/7907\/revisions\/8681"}],"wp:attachment":[{"href":"https:\/\/www.alsofresh.com\/en\/wp-json\/wp\/v2\/media?parent=7907"}],"curies":[{"name":"wp","href":"https:\/\/api.w.org\/{rel}","templated":true}]}}